{"id":39,"date":"2019-03-10T02:05:30","date_gmt":"2019-03-10T01:05:30","guid":{"rendered":"http:\/\/tronbrewery.com\/?page_id=39"},"modified":"2022-11-09T18:57:38","modified_gmt":"2022-11-09T17:57:38","slug":"home","status":"publish","type":"page","link":"https:\/\/tronbrewery.com\/en\/","title":{"rendered":"Home"},"content":{"rendered":"<section class=\"wpb-content-wrapper\"><div id=\"pivara\"     class=\"vc_row wpb_row section vc_row-fluid\" style=' text-align:left;'><div class=\"full_section_inner clearfix\"><div class=\"wpb_column vc_column_container vc_col-sm-12\"><div class=\"vc_column-inner\"><div class=\"wpb_wrapper\"><div class=\"qode-elliptical-slider\"><div class=\"qode-elliptical-slider-slides\" data-autoplay = \"yes\">\n<div class=\"qode-elliptical-slide\" style=\"background-image:url(https:\/\/tronbrewery.com\/wp-content\/uploads\/2019\/05\/tron-pocetak.jpg)\">\n    <div class=\"qode-elliptical-slide-image-holder-wrapper\" style=\"background-color:#efefef\">\n        <span class=\"qode-elliptical-slide-image-holder\">\n            <img src=\"https:\/\/tronbrewery.com\/wp-content\/uploads\/2019\/05\/tron-pocetak.jpg\" alt=\"qode-eliptic-slider\"\/>\n        <\/span>\n    <\/div>\n    <div class=\"qode-elliptical-slide-content-holder\" style=\"background: -webkit-linear-gradient(left, #efefef 50%, transparent 50%);background: linear-gradient(90deg, #efefef 50%, transparent 50%);\">\n        <div class=\"qode-elliptical-slide-content-holder-inner grid_section\">\n            <div class=\"qode-elliptical-slide-content-wrapper section_inner\">\n                <div class=\"qode-elliptical-slide-wrapper-inner\">\n\t\t\t\t\t<div class=\"qode-elliptical-slide-svg-holder\">\n\t\t\t\t\t\t<svg version=\"1.1\" id=\"Layer_1\" xmlns=\"http:\/\/www.w3.org\/2000\/svg\" xmlns:xlink=\"http:\/\/www.w3.org\/1999\/xlink\" x=\"0px\" y=\"0px\" width=\"92.296px\" height=\"485px\" viewbox=\"0 0 92.296 492\" enable-background=\"new 0 0 92.296 492\" preserveaspectratio=\"none\">\n\t\t\t\t\t\t\t<path style=\"fill:#efefef\" d=\"M91.621,0H0v492h92.296C47.988,426.806,21,340.351,21,245.5C21,151.133,47.716,65.078,91.621,0z\"\/>\n\t\t\t\t\t\t<\/svg>\n\t\t\t\t\t<\/div>\n                    <div class=\"qode-elliptical-slide-elements-holder\">\n\n\t\t\t\t\t\t\n\t<div class=\"wpb_text_column wpb_content_element\">\n\t\t<div class=\"wpb_wrapper\">\n\t\t\t<h2>How it all started?<\/h2>\n\n\t\t<\/div> \n\t<\/div> \n\t<div class=\"wpb_single_image wpb_content_element vc_align_left\">\n\t\t<div class=\"wpb_wrapper\">\n\t\t\t\n\t\t\t<div class=\"vc_single_image-wrapper   vc_box_border_grey\"><img width=\"93\" height=\"7\" src=\"https:\/\/tronbrewery.com\/wp-content\/uploads\/2019\/04\/separator.png\" class=\"vc_single_image-img attachment-medium\" alt=\"\" decoding=\"async\" loading=\"lazy\" title=\"separator\" \/><\/div>\n\t\t<\/div>\n\t<\/div>\n\t<div class=\"vc_empty_space\"  style=\"height: 32px\" ><span\n\t\t\tclass=\"vc_empty_space_inner\">\n\t\t\t<span class=\"empty_space_image\"  ><\/span>\n\t\t<\/span><\/div>\n\n\n\t<div class=\"wpb_text_column wpb_content_element\">\n\t\t<div class=\"wpb_wrapper\">\n\t\t\t<p>We brewed our first beer in the mid 2015 and from that point we are continuously experimenting with new beer styles and flavors, as well as educating beer lovers throughout the region.<\/p>\n\n\t\t<\/div> \n\t<\/div>                     <\/div>\n                <\/div>\n            <\/div>\n        <\/div>\n    <\/div>\n<\/div>\n<div class=\"qode-elliptical-slide\" style=\"background-image:url(https:\/\/tronbrewery.com\/wp-content\/uploads\/2019\/05\/tron-ciljevi.jpg)\">\n    <div class=\"qode-elliptical-slide-image-holder-wrapper\" style=\"background-color:#efefef\">\n        <span class=\"qode-elliptical-slide-image-holder\">\n            <img src=\"https:\/\/tronbrewery.com\/wp-content\/uploads\/2019\/05\/tron-ciljevi.jpg\" alt=\"qode-eliptic-slider\"\/>\n        <\/span>\n    <\/div>\n    <div class=\"qode-elliptical-slide-content-holder\" style=\"background: -webkit-linear-gradient(left, #efefef 50%, transparent 50%);background: linear-gradient(90deg, #efefef 50%, transparent 50%);\">\n        <div class=\"qode-elliptical-slide-content-holder-inner grid_section\">\n            <div class=\"qode-elliptical-slide-content-wrapper section_inner\">\n                <div class=\"qode-elliptical-slide-wrapper-inner\">\n\t\t\t\t\t<div class=\"qode-elliptical-slide-svg-holder\">\n\t\t\t\t\t\t<svg version=\"1.1\" id=\"Layer_1\" xmlns=\"http:\/\/www.w3.org\/2000\/svg\" xmlns:xlink=\"http:\/\/www.w3.org\/1999\/xlink\" x=\"0px\" y=\"0px\" width=\"92.296px\" height=\"485px\" viewbox=\"0 0 92.296 492\" enable-background=\"new 0 0 92.296 492\" preserveaspectratio=\"none\">\n\t\t\t\t\t\t\t<path style=\"fill:#efefef\" d=\"M91.621,0H0v492h92.296C47.988,426.806,21,340.351,21,245.5C21,151.133,47.716,65.078,91.621,0z\"\/>\n\t\t\t\t\t\t<\/svg>\n\t\t\t\t\t<\/div>\n                    <div class=\"qode-elliptical-slide-elements-holder\">\n\n\t\t\t\t\t\t\n\t<div class=\"wpb_text_column wpb_content_element\">\n\t\t<div class=\"wpb_wrapper\">\n\t\t\t<h2>Our goals?<\/h2>\n\n\t\t<\/div> \n\t<\/div> \n\t<div class=\"wpb_single_image wpb_content_element vc_align_left\">\n\t\t<div class=\"wpb_wrapper\">\n\t\t\t\n\t\t\t<div class=\"vc_single_image-wrapper   vc_box_border_grey\"><img width=\"93\" height=\"7\" src=\"https:\/\/tronbrewery.com\/wp-content\/uploads\/2019\/04\/separator.png\" class=\"vc_single_image-img attachment-medium\" alt=\"\" decoding=\"async\" loading=\"lazy\" title=\"separator\" \/><\/div>\n\t\t<\/div>\n\t<\/div>\n\t<div class=\"vc_empty_space\"  style=\"height: 32px\" ><span\n\t\t\tclass=\"vc_empty_space_inner\">\n\t\t\t<span class=\"empty_space_image\"  ><\/span>\n\t\t<\/span><\/div>\n\n\n\t<div class=\"wpb_text_column wpb_content_element\">\n\t\t<div class=\"wpb_wrapper\">\n\t\t\t<p>Our dream is unpasteurized, unfiltered, top quality craft beer and our passion is to make that dream happen. We are working hard on pushing the limits in craft beer brewing and thus changing people's perception of our favorite beverage.<\/p>\n\n\t\t<\/div> \n\t<\/div>                     <\/div>\n                <\/div>\n            <\/div>\n        <\/div>\n    <\/div>\n<\/div>\n<div class=\"qode-elliptical-slide\" style=\"background-image:url(https:\/\/tronbrewery.com\/wp-content\/uploads\/2019\/05\/tron-devojka.jpg)\">\n    <div class=\"qode-elliptical-slide-image-holder-wrapper\" style=\"background-color:#efefef\">\n        <span class=\"qode-elliptical-slide-image-holder\">\n            <img src=\"https:\/\/tronbrewery.com\/wp-content\/uploads\/2019\/05\/tron-devojka.jpg\" alt=\"qode-eliptic-slider\"\/>\n        <\/span>\n    <\/div>\n    <div class=\"qode-elliptical-slide-content-holder\" style=\"background: -webkit-linear-gradient(left, #efefef 50%, transparent 50%);background: linear-gradient(90deg, #efefef 50%, transparent 50%);\">\n        <div class=\"qode-elliptical-slide-content-holder-inner grid_section\">\n            <div class=\"qode-elliptical-slide-content-wrapper section_inner\">\n                <div class=\"qode-elliptical-slide-wrapper-inner\">\n\t\t\t\t\t<div class=\"qode-elliptical-slide-svg-holder\">\n\t\t\t\t\t\t<svg version=\"1.1\" id=\"Layer_1\" xmlns=\"http:\/\/www.w3.org\/2000\/svg\" xmlns:xlink=\"http:\/\/www.w3.org\/1999\/xlink\" x=\"0px\" y=\"0px\" width=\"92.296px\" height=\"485px\" viewbox=\"0 0 92.296 492\" enable-background=\"new 0 0 92.296 492\" preserveaspectratio=\"none\">\n\t\t\t\t\t\t\t<path style=\"fill:#efefef\" d=\"M91.621,0H0v492h92.296C47.988,426.806,21,340.351,21,245.5C21,151.133,47.716,65.078,91.621,0z\"\/>\n\t\t\t\t\t\t<\/svg>\n\t\t\t\t\t<\/div>\n                    <div class=\"qode-elliptical-slide-elements-holder\">\n\n\t\t\t\t\t\t\n\t<div class=\"wpb_text_column wpb_content_element\">\n\t\t<div class=\"wpb_wrapper\">\n\t\t\t<h2>Ready for Tron?<\/h2>\n\n\t\t<\/div> \n\t<\/div> \n\t<div class=\"wpb_single_image wpb_content_element vc_align_left\">\n\t\t<div class=\"wpb_wrapper\">\n\t\t\t\n\t\t\t<div class=\"vc_single_image-wrapper   vc_box_border_grey\"><img width=\"93\" height=\"7\" src=\"https:\/\/tronbrewery.com\/wp-content\/uploads\/2019\/04\/separator.png\" class=\"vc_single_image-img attachment-medium\" alt=\"\" decoding=\"async\" loading=\"lazy\" title=\"separator\" \/><\/div>\n\t\t<\/div>\n\t<\/div>\n\t<div class=\"vc_empty_space\"  style=\"height: 32px\" ><span\n\t\t\tclass=\"vc_empty_space_inner\">\n\t\t\t<span class=\"empty_space_image\"  ><\/span>\n\t\t<\/span><\/div>\n\n\n\t<div class=\"wpb_text_column wpb_content_element\">\n\t\t<div class=\"wpb_wrapper\">\n\t\t\t<p>Try some of Tron's beers and discover something new about world's history, culture and geography with each new sip.<\/p>\n\n\t\t<\/div> \n\t<\/div>                     <\/div>\n                <\/div>\n            <\/div>\n        <\/div>\n    <\/div>\n<\/div><\/div><\/div><\/div><\/div><\/div><\/div><\/div>\n<\/section>","protected":false},"excerpt":{"rendered":"Kako je sve po\u010delo? Na\u0161e prvo pivo smo skuvali sredinom 2015. godine i od tada ne prestajemo da radimo na eksperimentisanju sa novim stilovima i ukusima ali i edukaciji ljubitelja piva \u0161irom regiona. Na\u0161i ciljevi? Na\u0161 san je nepasterizovano, nefiltrirano zanatsko pivo vrhunskog kvaliteta i...","protected":false},"author":1,"featured_media":0,"parent":0,"menu_order":0,"comment_status":"closed","ping_status":"closed","template":"full_width.php","meta":{"om_disable_all_campaigns":false,"inline_featured_image":false,"_mi_skip_tracking":false},"categories":[],"tags":[],"yoast_head":"<!-- This site is optimized with the Yoast SEO plugin v20.2 - https:\/\/yoast.com\/wordpress\/plugins\/seo\/ -->\n<title>Pivara Tron - Tron Brewery<\/title>\n<meta name=\"robots\" content=\"index, follow, max-snippet:-1, max-image-preview:large, max-video-preview:-1\" \/>\n<link rel=\"canonical\" href=\"https:\/\/tronbrewery.com\/en\/\" \/>\n<meta property=\"og:locale\" content=\"en_US\" \/>\n<meta property=\"og:type\" content=\"article\" \/>\n<meta property=\"og:title\" content=\"Pivara Tron - Tron Brewery\" \/>\n<meta property=\"og:url\" content=\"https:\/\/tronbrewery.com\/en\/\" \/>\n<meta property=\"og:site_name\" content=\"Pivara Tron\" \/>\n<meta property=\"article:modified_time\" content=\"2022-11-09T17:57:38+00:00\" \/>\n<meta name=\"twitter:card\" content=\"summary_large_image\" \/>\n<meta name=\"twitter:label1\" content=\"Est. reading time\" \/>\n\t<meta name=\"twitter:data1\" content=\"1 minute\" \/>\n<script type=\"application\/ld+json\" class=\"yoast-schema-graph\">{\"@context\":\"https:\/\/schema.org\",\"@graph\":[{\"@type\":\"WebPage\",\"@id\":\"https:\/\/tronbrewery.com\/\",\"url\":\"https:\/\/tronbrewery.com\/\",\"name\":\"Pivara Tron - Tron Brewery\",\"isPartOf\":{\"@id\":\"https:\/\/tronbrewery.com\/#website\"},\"datePublished\":\"2019-03-10T01:05:30+00:00\",\"dateModified\":\"2022-11-09T17:57:38+00:00\",\"breadcrumb\":{\"@id\":\"https:\/\/tronbrewery.com\/#breadcrumb\"},\"inLanguage\":\"en-US\",\"potentialAction\":[{\"@type\":\"ReadAction\",\"target\":[\"https:\/\/tronbrewery.com\/\"]}]},{\"@type\":\"BreadcrumbList\",\"@id\":\"https:\/\/tronbrewery.com\/#breadcrumb\",\"itemListElement\":[{\"@type\":\"ListItem\",\"position\":1,\"name\":\"Home\",\"item\":\"https:\/\/tronbrewery.com\/\"},{\"@type\":\"ListItem\",\"position\":2,\"name\":\"Home\"}]},{\"@type\":\"WebSite\",\"@id\":\"https:\/\/tronbrewery.com\/#website\",\"url\":\"https:\/\/tronbrewery.com\/\",\"name\":\"Pivara Tron\",\"description\":\"Tron Brewery\",\"potentialAction\":[{\"@type\":\"SearchAction\",\"target\":{\"@type\":\"EntryPoint\",\"urlTemplate\":\"https:\/\/tronbrewery.com\/?s={search_term_string}\"},\"query-input\":\"required name=search_term_string\"}],\"inLanguage\":\"en-US\"}]}<\/script>\n<!-- \/ Yoast SEO plugin. -->","yoast_head_json":{"title":"Pivara Tron - Tron Brewery","robots":{"index":"index","follow":"follow","max-snippet":"max-snippet:-1","max-image-preview":"max-image-preview:large","max-video-preview":"max-video-preview:-1"},"canonical":"https:\/\/tronbrewery.com\/en\/","og_locale":"en_US","og_type":"article","og_title":"Pivara Tron - Tron Brewery","og_url":"https:\/\/tronbrewery.com\/en\/","og_site_name":"Pivara Tron","article_modified_time":"2022-11-09T17:57:38+00:00","twitter_card":"summary_large_image","twitter_misc":{"Est. reading time":"1 minute"},"schema":{"@context":"https:\/\/schema.org","@graph":[{"@type":"WebPage","@id":"https:\/\/tronbrewery.com\/","url":"https:\/\/tronbrewery.com\/","name":"Pivara Tron - Tron Brewery","isPartOf":{"@id":"https:\/\/tronbrewery.com\/#website"},"datePublished":"2019-03-10T01:05:30+00:00","dateModified":"2022-11-09T17:57:38+00:00","breadcrumb":{"@id":"https:\/\/tronbrewery.com\/#breadcrumb"},"inLanguage":"en-US","potentialAction":[{"@type":"ReadAction","target":["https:\/\/tronbrewery.com\/"]}]},{"@type":"BreadcrumbList","@id":"https:\/\/tronbrewery.com\/#breadcrumb","itemListElement":[{"@type":"ListItem","position":1,"name":"Home","item":"https:\/\/tronbrewery.com\/"},{"@type":"ListItem","position":2,"name":"Home"}]},{"@type":"WebSite","@id":"https:\/\/tronbrewery.com\/#website","url":"https:\/\/tronbrewery.com\/","name":"Pivara Tron","description":"Tron Brewery","potentialAction":[{"@type":"SearchAction","target":{"@type":"EntryPoint","urlTemplate":"https:\/\/tronbrewery.com\/?s={search_term_string}"},"query-input":"required name=search_term_string"}],"inLanguage":"en-US"}]}},"_links":{"self":[{"href":"https:\/\/tronbrewery.com\/en\/wp-json\/wp\/v2\/pages\/39"}],"collection":[{"href":"https:\/\/tronbrewery.com\/en\/wp-json\/wp\/v2\/pages"}],"about":[{"href":"https:\/\/tronbrewery.com\/en\/wp-json\/wp\/v2\/types\/page"}],"author":[{"embeddable":true,"href":"https:\/\/tronbrewery.com\/en\/wp-json\/wp\/v2\/users\/1"}],"replies":[{"embeddable":true,"href":"https:\/\/tronbrewery.com\/en\/wp-json\/wp\/v2\/comments?post=39"}],"version-history":[{"count":0,"href":"https:\/\/tronbrewery.com\/en\/wp-json\/wp\/v2\/pages\/39\/revisions"}],"wp:attachment":[{"href":"https:\/\/tronbrewery.com\/en\/wp-json\/wp\/v2\/media?parent=39"}],"wp:term":[{"taxonomy":"category","embeddable":true,"href":"https:\/\/tronbrewery.com\/en\/wp-json\/wp\/v2\/categories?post=39"},{"taxonomy":"post_tag","embeddable":true,"href":"https:\/\/tronbrewery.com\/en\/wp-json\/wp\/v2\/tags?post=39"}],"curies":[{"name":"wp","href":"https:\/\/api.w.org\/{rel}","templated":true}]}}