{"id":475,"date":"2019-05-07T10:56:04","date_gmt":"2019-05-07T09:56:04","guid":{"rendered":"http:\/\/tronbrewery.com\/?page_id=475"},"modified":"2019-06-17T16:00:33","modified_gmt":"2019-06-17T15:00:33","slug":"eureka","status":"publish","type":"page","link":"https:\/\/tronbrewery.com\/en\/eureka\/","title":{"rendered":"Eureka"},"content":{"rendered":"<section class=\"wpb-content-wrapper\"><div      class=\"vc_row wpb_row section vc_row-fluid\" style='background-image: url(https:\/\/tronbrewery.com\/wp-content\/uploads\/2019\/04\/background-1.jpg);background-repeat: repeat;background-position: 0 0;background-size: inherit; text-align:left;'><div class=\"full_section_inner clearfix\"><div class=\"wpb_column vc_column_container vc_col-sm-12\"><div class=\"vc_column-inner\"><div class=\"wpb_wrapper\"><div      class=\"vc_row wpb_row section vc_row-fluid vc_inner  model-flex grid_section\" style=' padding-top:80px; padding-bottom:80px; text-align:left;'><div class=\"section_inner clearfix\"><div class='section_inner_margin clearfix'><div class=\"wpb_column vc_column_container vc_col-sm-4\"><div class=\"vc_column-inner\"><div class=\"wpb_wrapper\">\n\t<div class=\"wpb_single_image wpb_content_element vc_align_center   mobile-slika\">\n\t\t<div class=\"wpb_wrapper\">\n\t\t\t\n\t\t\t<div class=\"vc_single_image-wrapper   vc_box_border_grey\"><img width=\"176\" height=\"552\" src=\"https:\/\/tronbrewery.com\/wp-content\/uploads\/2019\/05\/eureka-2.png\" class=\"vc_single_image-img attachment-full\" alt=\"Eureka\" decoding=\"async\" loading=\"lazy\" title=\"eureka\" srcset=\"https:\/\/tronbrewery.com\/wp-content\/uploads\/2019\/05\/eureka-2.png 176w, https:\/\/tronbrewery.com\/wp-content\/uploads\/2019\/05\/eureka-2-96x300.png 96w\" sizes=\"(max-width: 176px) 100vw, 176px\" \/><\/div>\n\t\t<\/div>\n\t<\/div>\n<\/div><\/div><\/div><div class=\"wpb_column vc_column_container vc_col-sm-8\"><div class=\"vc_column-inner\"><div class=\"wpb_wrapper\">\n\t<div class=\"wpb_text_column wpb_content_element\">\n\t\t<div class=\"wpb_wrapper\">\n\t\t\t<h2>About beer<\/h2>\n\n\t\t<\/div> \n\t<\/div> \n\t<div class=\"wpb_single_image wpb_content_element vc_align_left\">\n\t\t<div class=\"wpb_wrapper\">\n\t\t\t\n\t\t\t<div class=\"vc_single_image-wrapper   vc_box_border_grey\"><img width=\"93\" height=\"7\" src=\"https:\/\/tronbrewery.com\/wp-content\/uploads\/2019\/04\/separator.png\" class=\"vc_single_image-img attachment-full\" alt=\"\" decoding=\"async\" loading=\"lazy\" title=\"separator\" \/><\/div>\n\t\t<\/div>\n\t<\/div>\n\t<div class=\"vc_empty_space\"  style=\"height: 10px\" ><span\n\t\t\tclass=\"vc_empty_space_inner\">\n\t\t\t<span class=\"empty_space_image\"  ><\/span>\n\t\t<\/span><\/div>\n\n\n\t<div class=\"wpb_raw_code wpb_content_element wpb_raw_html\" >\n\t\t<div class=\"wpb_wrapper\">\n\t\t\t<div class=\"social-beer\">\n<div class=\"item-social\">\n<a href=\"https:\/\/untappd.com\/b\/tron-brewery-eureka\/3169519\">\n<img src=\"\/wp-content\/uploads\/2019\/05\/untapped.png\" alt=\"Untappd\" title=\"Untappd\">\n<\/a>\n<\/div>\n<div class=\"item-social\">\n<a href=\"https:\/\/www.ratebeer.com\/beer\/tron-eureka\/719783\/\">\n<img src=\"\/wp-content\/uploads\/2019\/05\/rate-beer.png\" alt=\"Rate Beer\" title=\"Rate Beer\">\n<\/a>\n<\/div>\n<\/div>\n\t\t<\/div>\n\t<\/div>\n\n\t<div class=\"wpb_raw_code wpb_content_element wpb_raw_html\" >\n\t\t<div class=\"wpb_wrapper\">\n\t\t\t<div class=\"beer-card\">\n\n<div class=\"beer-card-inner\">\n<div class=\"th\">Type:<\/div>\n<div class=\"td\">Seasonal<\/div>\n<\/div>\n\n<div class=\"beer-card-inner\">\n<div class=\"th\">First brewed:<\/div>\n<div class=\"td\">2019<\/div>\n<\/div>\n\n<div class=\"beer-card-inner\">\n<div class=\"th\">Availability:<\/div>\n<div class=\"td\">\n<div class=\"dostupnost\">\n<ul>\n \t<li class=\"keg\">30l<\/li>\n \t<li class=\"keg\">20l<\/li>\n \t<li class=\"package\">0.33l<\/li>\n<\/ul>\n<\/div>\n<\/div>\n\n<\/div>\n\t\t<\/div>\n\t<\/div>\n\t<div class=\"vc_empty_space\"  style=\"height: 40px\" ><span\n\t\t\tclass=\"vc_empty_space_inner\">\n\t\t\t<span class=\"empty_space_image\"  ><\/span>\n\t\t<\/span><\/div>\n\n\n\t<div class=\"wpb_text_column wpb_content_element\">\n\t\t<div class=\"wpb_wrapper\">\n\t\t\t<p class=\"quote\">You can enjoy this easy going Session IPA with no regrets. Low percentage of alcohol and smell of field flowers will take you to the spring picnic.<\/p>\n\n\t\t<\/div> \n\t<\/div> \t<div class=\"vc_empty_space\"  style=\"height: 40px\" ><span\n\t\t\tclass=\"vc_empty_space_inner\">\n\t\t\t<span class=\"empty_space_image\"  ><\/span>\n\t\t<\/span><\/div>\n\n<div class='q_elements_holder three_columns responsive_mode_from_600 alignment_one_column_center progres-bar' ><div class='q_elements_item canvas-fix' data-animation='no' style='text-align:center;'><div class='q_elements_item_inner'><div class='q_elements_item_content q_elements_holder_custom_272627'><div class=\"q_pie_chart_with_icon_holder\"><div class=\"q_percentage_with_icon\" data-percent=\"39\" data-linewidth=\"10\" data-active=\"#cc8d6e\" data-noactive=\"\"><i class=\"fa fa-percent fa-3x\" style=\"color: #303030;\"><\/i><\/div><div class=\"pie_chart_text\"><h4 class=\"pie_title\" style=\"color: #303030;\">3.9% ABV<\/h4><p >(Alcohol)<\/p><\/div><\/div><\/div><\/div><\/div><div class='q_elements_item ibu canvas-fix' data-animation='no'><div class='q_elements_item_inner'><div class='q_elements_item_content q_elements_holder_custom_870731'><div class=\"q_pie_chart_with_icon_holder\"><div class=\"q_percentage_with_icon\" data-percent=\"35\" data-linewidth=\"10\" data-active=\"#e2d781\" data-noactive=\"\"><i class=\"fa fa-flask fa-3x\" style=\"color: #303030;\"><\/i><\/div><div class=\"pie_chart_text\"><h4 class=\"pie_title\" style=\"color: #303030;\">35 IBU<\/h4><p >(Bitterness)<\/p><\/div><\/div><\/div><\/div><\/div><div class='q_elements_item alkohol canvas-fix' data-animation='no' style='text-align:center;'><div class='q_elements_item_inner'><div class='q_elements_item_content q_elements_holder_custom_478307'><div class=\"q_pie_chart_with_icon_holder\"><div class=\"q_percentage_with_icon\" data-percent=\"100\" data-linewidth=\"10\" data-active=\"#edc501\" data-noactive=\"\"><i class=\"fa fa-tint fa-3x\" style=\"color: #303030;\"><\/i><\/div><div class=\"pie_chart_text\"><h4 class=\"pie_title\" style=\"color: #303030;\">Color<\/h4><p >(Beer color)<\/p><\/div><\/div><\/div><\/div><\/div><\/div><\/div><\/div><\/div><\/div><\/div><\/div><\/div><\/div><\/div><\/div><\/div><div      class=\"vc_row wpb_row section vc_row-fluid  row--flex\" style='background-color:#f5f5f5; text-align:left;'><div class=\"full_section_inner clearfix\"><div class=\"toggle-sastojak wpb_column vc_column_container vc_col-sm-12 vc_col-lg-6\"><div class=\"vc_column-inner\"><div class=\"wpb_wrapper\"><div class='q_elements_holder one_column responsive_mode_from_768' ><div class='q_elements_item' data-animation='no' style='vertical-align:middle;'><div class='q_elements_item_inner'><div class='q_elements_item_content q_elements_holder_custom_477751' style='padding:100px 100px 100px 100px'><style type=\"text\/css\" data-type=\"q_elements_custom_padding\" scoped>@media only screen and (min-width: 1024px) and (max-width: 1280px) { .q_elements_item_content.q_elements_holder_custom_477751{ padding: 30px 40px 30px 40px !important;}}@media only screen and (min-width: 768px) and (max-width: 1024px) { .q_elements_item_content.q_elements_holder_custom_477751{ padding: 30px 30px 30px 30px !important;}}@media only screen and (min-width: 600px) and (max-width: 768px) { .q_elements_item_content.q_elements_holder_custom_477751{ padding: 60px 35px 60px 35px !important;}}@media only screen and (min-width: 480px) and (max-width: 600px) { .q_elements_item_content.q_elements_holder_custom_477751{ padding: 60px 20px 60px 20px !important;}}@media only screen and (max-width: 480px) { .q_elements_item_content.q_elements_holder_custom_477751{ padding: 60px 25px 60px 25px !important;}}<\/style>\n\t<div class=\"wpb_text_column wpb_content_element\">\n\t\t<div class=\"wpb_wrapper\">\n\t\t\t<h2>Ingredients<\/h2>\n\n\t\t<\/div> \n\t<\/div> \n\t<div class=\"wpb_single_image wpb_content_element vc_align_left\">\n\t\t<div class=\"wpb_wrapper\">\n\t\t\t\n\t\t\t<div class=\"vc_single_image-wrapper   vc_box_border_grey\"><img width=\"93\" height=\"7\" src=\"https:\/\/tronbrewery.com\/wp-content\/uploads\/2019\/04\/separator.png\" class=\"vc_single_image-img attachment-medium\" alt=\"\" decoding=\"async\" loading=\"lazy\" title=\"separator\" \/><\/div>\n\t\t<\/div>\n\t<\/div>\n\t<div class=\"vc_empty_space\"  style=\"height: 32px\" ><span\n\t\t\tclass=\"vc_empty_space_inner\">\n\t\t\t<span class=\"empty_space_image\"  ><\/span>\n\t\t<\/span><\/div>\n\n\n\t<div class=\"wpb_text_column wpb_content_element\">\n\t\t<div class=\"wpb_wrapper\">\n\t\t\t<p>Our beers are a perfect fusion of German and French malts, as well as carefully selected American yeasts and hops from all over the world. Each of these ingredients give our beers special and recognizable taste.<\/p>\n\n\t\t<\/div> \n\t<\/div> \t<div class=\"vc_empty_space\"  style=\"height: 32px\" ><span\n\t\t\tclass=\"vc_empty_space_inner\">\n\t\t\t<span class=\"empty_space_image\"  ><\/span>\n\t\t<\/span><\/div>\n\n<div class='q_list circle'><\/p>\n<ul class=\"moreInfo\" style=\"margin-top: 17px;\">\n<li class=\"svg-icons hmelj\">\n<h4>Hops: Eureka<\/h4>\n<\/li>\n<li class=\"svg-icons malts\">\n<h4>Malts: Pilsner<\/h4>\n<\/li>\n<li class=\"svg-icons ingredients\">\n<h4>Aroma: Melon and grapefruit<\/h4>\n<\/li>\n<\/ul>\n<p><\/div><\/div><\/div><\/div><\/div><\/div><\/div><\/div><div class=\"wpb_column vc_column_container vc_col-sm-12 vc_col-lg-6\"><div class=\"vc_column-inner\"><div class=\"wpb_wrapper\">\n\t<div class=\"wpb_single_image wpb_content_element vc_align_left   piva-cover\">\n\t\t<div class=\"wpb_wrapper\">\n\t\t\t\n\t\t\t<div class=\"vc_single_image-wrapper   vc_box_border_grey\"><img width=\"640\" height=\"711\" src=\"https:\/\/tronbrewery.com\/wp-content\/uploads\/2019\/05\/eureka-cover.jpg\" class=\"vc_single_image-img attachment-full\" alt=\"\" decoding=\"async\" loading=\"lazy\" title=\"eureka-cover\" srcset=\"https:\/\/tronbrewery.com\/wp-content\/uploads\/2019\/05\/eureka-cover.jpg 640w, https:\/\/tronbrewery.com\/wp-content\/uploads\/2019\/05\/eureka-cover-270x300.jpg 270w\" sizes=\"(max-width: 640px) 100vw, 640px\" \/><\/div>\n\t\t<\/div>\n\t<\/div>\n<\/div><\/div><\/div><\/div><\/div>\n<\/section>","protected":false},"excerpt":{"rendered":"O pivu Tip: Sezonsko Godina nastanka: 2019 Dostupnost: 30l 20l 0.33l U ovom laganom session IPA \u0107ete mo\u0107i da u\u017eivate bez gri\u017ee savesti. Nizak procenat alkohola i miris poljskog cve\u0107a obe\u0107avaju prole\u0107ni piknik. 3.9% ABV(Alkohol)35 IBU(Gor\u010dina)Color(Boja) Sastojci Na\u0161a piva su savr\u0161ena fuzija nema\u010dkog i francuskog...","protected":false},"author":1,"featured_media":685,"parent":0,"menu_order":0,"comment_status":"closed","ping_status":"closed","template":"full_width.php","meta":{"om_disable_all_campaigns":false,"inline_featured_image":false,"_mi_skip_tracking":false},"categories":[],"tags":[23],"yoast_head":"<!-- This site is optimized with the Yoast SEO plugin v20.2 - https:\/\/yoast.com\/wordpress\/plugins\/seo\/ -->\n<title>Eureka - Pivara Tron<\/title>\n<meta name=\"robots\" content=\"index, follow, max-snippet:-1, max-image-preview:large, max-video-preview:-1\" \/>\n<link rel=\"canonical\" href=\"https:\/\/tronbrewery.com\/en\/eureka\/\" \/>\n<meta property=\"og:locale\" content=\"en_US\" \/>\n<meta property=\"og:type\" content=\"article\" \/>\n<meta property=\"og:title\" content=\"Eureka - Pivara Tron\" \/>\n<meta property=\"og:url\" content=\"https:\/\/tronbrewery.com\/en\/eureka\/\" \/>\n<meta property=\"og:site_name\" content=\"Pivara Tron\" \/>\n<meta property=\"article:modified_time\" content=\"2019-06-17T15:00:33+00:00\" \/>\n<meta property=\"og:image\" content=\"https:\/\/tronbrewery.com\/wp-content\/uploads\/2019\/05\/eureka-1.png\" \/>\n\t<meta property=\"og:image:width\" content=\"636\" \/>\n\t<meta property=\"og:image:height\" content=\"1275\" \/>\n\t<meta property=\"og:image:type\" content=\"image\/png\" \/>\n<meta name=\"twitter:card\" content=\"summary_large_image\" \/>\n<meta name=\"twitter:label1\" content=\"Est. reading time\" \/>\n\t<meta name=\"twitter:data1\" content=\"3 minutes\" \/>\n<script type=\"application\/ld+json\" class=\"yoast-schema-graph\">{\"@context\":\"https:\/\/schema.org\",\"@graph\":[{\"@type\":\"WebPage\",\"@id\":\"https:\/\/tronbrewery.com\/eureka\/\",\"url\":\"https:\/\/tronbrewery.com\/eureka\/\",\"name\":\"Eureka - Pivara Tron\",\"isPartOf\":{\"@id\":\"https:\/\/tronbrewery.com\/#website\"},\"datePublished\":\"2019-05-07T09:56:04+00:00\",\"dateModified\":\"2019-06-17T15:00:33+00:00\",\"breadcrumb\":{\"@id\":\"https:\/\/tronbrewery.com\/eureka\/#breadcrumb\"},\"inLanguage\":\"en-US\",\"potentialAction\":[{\"@type\":\"ReadAction\",\"target\":[\"https:\/\/tronbrewery.com\/eureka\/\"]}]},{\"@type\":\"BreadcrumbList\",\"@id\":\"https:\/\/tronbrewery.com\/eureka\/#breadcrumb\",\"itemListElement\":[{\"@type\":\"ListItem\",\"position\":1,\"name\":\"Home\",\"item\":\"https:\/\/tronbrewery.com\/\"},{\"@type\":\"ListItem\",\"position\":2,\"name\":\"Eureka\"}]},{\"@type\":\"WebSite\",\"@id\":\"https:\/\/tronbrewery.com\/#website\",\"url\":\"https:\/\/tronbrewery.com\/\",\"name\":\"Pivara Tron\",\"description\":\"Tron Brewery\",\"potentialAction\":[{\"@type\":\"SearchAction\",\"target\":{\"@type\":\"EntryPoint\",\"urlTemplate\":\"https:\/\/tronbrewery.com\/?s={search_term_string}\"},\"query-input\":\"required name=search_term_string\"}],\"inLanguage\":\"en-US\"}]}<\/script>\n<!-- \/ Yoast SEO plugin. -->","yoast_head_json":{"title":"Eureka - Pivara Tron","robots":{"index":"index","follow":"follow","max-snippet":"max-snippet:-1","max-image-preview":"max-image-preview:large","max-video-preview":"max-video-preview:-1"},"canonical":"https:\/\/tronbrewery.com\/en\/eureka\/","og_locale":"en_US","og_type":"article","og_title":"Eureka - Pivara Tron","og_url":"https:\/\/tronbrewery.com\/en\/eureka\/","og_site_name":"Pivara Tron","article_modified_time":"2019-06-17T15:00:33+00:00","og_image":[{"width":636,"height":1275,"url":"https:\/\/tronbrewery.com\/wp-content\/uploads\/2019\/05\/eureka-1.png","type":"image\/png"}],"twitter_card":"summary_large_image","twitter_misc":{"Est. reading time":"3 minutes"},"schema":{"@context":"https:\/\/schema.org","@graph":[{"@type":"WebPage","@id":"https:\/\/tronbrewery.com\/eureka\/","url":"https:\/\/tronbrewery.com\/eureka\/","name":"Eureka - Pivara Tron","isPartOf":{"@id":"https:\/\/tronbrewery.com\/#website"},"datePublished":"2019-05-07T09:56:04+00:00","dateModified":"2019-06-17T15:00:33+00:00","breadcrumb":{"@id":"https:\/\/tronbrewery.com\/eureka\/#breadcrumb"},"inLanguage":"en-US","potentialAction":[{"@type":"ReadAction","target":["https:\/\/tronbrewery.com\/eureka\/"]}]},{"@type":"BreadcrumbList","@id":"https:\/\/tronbrewery.com\/eureka\/#breadcrumb","itemListElement":[{"@type":"ListItem","position":1,"name":"Home","item":"https:\/\/tronbrewery.com\/"},{"@type":"ListItem","position":2,"name":"Eureka"}]},{"@type":"WebSite","@id":"https:\/\/tronbrewery.com\/#website","url":"https:\/\/tronbrewery.com\/","name":"Pivara Tron","description":"Tron Brewery","potentialAction":[{"@type":"SearchAction","target":{"@type":"EntryPoint","urlTemplate":"https:\/\/tronbrewery.com\/?s={search_term_string}"},"query-input":"required name=search_term_string"}],"inLanguage":"en-US"}]}},"_links":{"self":[{"href":"https:\/\/tronbrewery.com\/en\/wp-json\/wp\/v2\/pages\/475"}],"collection":[{"href":"https:\/\/tronbrewery.com\/en\/wp-json\/wp\/v2\/pages"}],"about":[{"href":"https:\/\/tronbrewery.com\/en\/wp-json\/wp\/v2\/types\/page"}],"author":[{"embeddable":true,"href":"https:\/\/tronbrewery.com\/en\/wp-json\/wp\/v2\/users\/1"}],"replies":[{"embeddable":true,"href":"https:\/\/tronbrewery.com\/en\/wp-json\/wp\/v2\/comments?post=475"}],"version-history":[{"count":0,"href":"https:\/\/tronbrewery.com\/en\/wp-json\/wp\/v2\/pages\/475\/revisions"}],"wp:featuredmedia":[{"embeddable":true,"href":"https:\/\/tronbrewery.com\/en\/wp-json\/wp\/v2\/media\/685"}],"wp:attachment":[{"href":"https:\/\/tronbrewery.com\/en\/wp-json\/wp\/v2\/media?parent=475"}],"wp:term":[{"taxonomy":"category","embeddable":true,"href":"https:\/\/tronbrewery.com\/en\/wp-json\/wp\/v2\/categories?post=475"},{"taxonomy":"post_tag","embeddable":true,"href":"https:\/\/tronbrewery.com\/en\/wp-json\/wp\/v2\/tags?post=475"}],"curies":[{"name":"wp","href":"https:\/\/api.w.org\/{rel}","templated":true}]}}